{"id":1398,"date":"2019-06-27T14:37:49","date_gmt":"2019-06-27T12:37:49","guid":{"rendered":"https:\/\/logit.com.pl\/\/kariera\/"},"modified":"2019-07-23T08:03:07","modified_gmt":"2019-07-23T06:03:07","slug":"career","status":"publish","type":"page","link":"https:\/\/logit.com.pl\/en\/career\/","title":{"rendered":"Career"},"content":{"rendered":"<div class=\"wpb-content-wrapper\"><p>[vc_section el_class=&#8221;career&#8221;][vc_row full_width=&#8221;stretch_row&#8221; css=&#8221;.vc_custom_1562322610540{padding-top: 100px !important;padding-bottom: 100px !important;background-color: #ee3129 !important;}&#8221;][vc_column][vc_column_text css=&#8221;.vc_custom_1563861748223{padding-bottom: 35px !important;}&#8221;]<\/p>\n<h6 style=\"text-align: center;\"><span style=\"color: #ffffff;\">Work with the best<\/span><\/h6>\n<h2 style=\"text-align: center;\"><span style=\"color: #ffffff;\">Realize challenges and fulfill your passions!<\/span><br \/>\n<span style=\"color: #ffffff;\">Join the Logit team!<\/span><\/h2>\n<p>[\/vc_column_text][vc_column_text el_class=&#8221;job-offers__link&#8221;]<\/p>\n<p style=\"text-align: center;\"><a href=\"#job-offers\"><span style=\"color: #ee3129;\">Check out our job offers<\/span><\/a><\/p>\n<p>[\/vc_column_text][\/vc_column][\/vc_row][vc_row el_id=&#8221;job-offers&#8221; css=&#8221;.vc_custom_1562411268779{padding-top: 30px !important;}&#8221;][vc_column css=&#8221;.vc_custom_1562331466201{padding-top: 50px !important;padding-bottom: 50px !important;}&#8221;][vc_column_text]<\/p>\n<h3 style=\"text-align: center;\">We are looking for you!<\/h3>\n<h6 style=\"text-align: center;\">Want to join Logit? Check out our job offers!<\/h6>\n<p>[\/vc_column_text][\/vc_column][\/vc_row][vc_row][vc_column]        <div class=\"list-job-offers\" style=\"text-align: center\">\n            <h3>At the moment, we do not recruit. Follow our website to stay up to date. <\/h3>\n        <\/div>\n        [\/vc_column][\/vc_row][vc_row full_width=&#8221;stretch_row&#8221; el_class=&#8221;team-image&#8221; css=&#8221;.vc_custom_1562331065972{background-image: url(https:\/\/logit.com.pl\/wp-content\/uploads\/2019\/07\/sliderImage-04.jpg?id=769) !important;background-position: center !important;background-repeat: no-repeat !important;background-size: cover !important;}&#8221;][vc_column][\/vc_column][\/vc_row][\/vc_section][vc_section full_width=&#8221;stretch_row&#8221; css=&#8221;.vc_custom_1562325011035{padding-top: 65px !important;background-color: #f9fbfe !important;}&#8221;][vc_row full_width=&#8221;stretch_row&#8221;][vc_column][vc_column_text]<\/p>\n<h3 style=\"text-align: center;\">Did you find the job you&#8217;re interested in?<\/h3>\n<p>[\/vc_column_text][\/vc_column][\/vc_row][vc_row equal_height=&#8221;yes&#8221; content_placement=&#8221;middle&#8221; css=&#8221;.vc_custom_1562656627895{margin-bottom: 50px !important;border-bottom-width: 2px !important;padding-bottom: 30px !important;border-bottom-color: #eef1f5 !important;border-bottom-style: solid !important;}&#8221;][vc_column css=&#8221;.vc_custom_1562656511067{padding-top: 0px !important;}&#8221; offset=&#8221;vc_col-lg-4&#8243;][vc_row_inner][vc_column_inner el_class=&#8221;helper__figure-padding-top&#8221; width=&#8221;1\/3&#8243; offset=&#8221;vc_col-xs-1\/5&#8243;][vc_single_image image=&#8221;834&#8243; img_size=&#8221;full&#8221; alignment=&#8221;center&#8221;][\/vc_column_inner][vc_column_inner width=&#8221;2\/3&#8243; offset=&#8221;vc_col-xs-4\/5&#8243;][vc_column_text]<strong>Yes?<\/strong><br \/>\nFill out the form![\/vc_column_text][\/vc_column_inner][\/vc_row_inner][\/vc_column][vc_column css=&#8221;.vc_custom_1562656535231{padding-top: 0px !important;}&#8221; offset=&#8221;vc_col-lg-4&#8243;][vc_row_inner][vc_column_inner el_class=&#8221;helper__figure-padding-top&#8221; width=&#8221;1\/3&#8243; offset=&#8221;vc_col-xs-1\/5&#8243;][vc_single_image image=&#8221;833&#8243; img_size=&#8221;full&#8221; alignment=&#8221;center&#8221;][\/vc_column_inner][vc_column_inner width=&#8221;2\/3&#8243; offset=&#8221;vc_col-xs-4\/5&#8243;][vc_column_text]<strong>No?<br \/>\n<\/strong><span lang=\"en\">You can also fill out the form!<\/span>[\/vc_column_text][\/vc_column_inner][\/vc_row_inner][\/vc_column][vc_column css=&#8221;.vc_custom_1562656542574{padding-top: 0px !important;}&#8221; offset=&#8221;vc_col-lg-4&#8243;][vc_row_inner][vc_column_inner el_class=&#8221;helper__figure-padding-top&#8221; width=&#8221;1\/3&#8243; offset=&#8221;vc_col-xs-1\/5&#8243;][vc_single_image image=&#8221;832&#8243; img_size=&#8221;full&#8221; alignment=&#8221;center&#8221;][\/vc_column_inner][vc_column_inner width=&#8221;2\/3&#8243; offset=&#8221;vc_col-xs-4\/5&#8243;][vc_column_text]<strong>It is worth<\/strong><br \/>\n<strong> to be in touch!<\/strong>[\/vc_column_text][\/vc_column_inner][\/vc_row_inner][\/vc_column][\/vc_row][vc_row el_class=&#8221;career__application-form&#8221; el_id=&#8221;application-form&#8221;][vc_column el_id=&#8221;career__application-form&#8221;]\n<div class=\"wpcf7 no-js\" id=\"wpcf7-f1534-o1\" lang=\"pl-PL\" dir=\"ltr\" data-wpcf7-id=\"1534\">\n<div class=\"screen-reader-response\"><p role=\"status\" aria-live=\"polite\" aria-atomic=\"true\"><\/p> <ul><\/ul><\/div>\n<form action=\"\/en\/wp-json\/wp\/v2\/pages\/1398#wpcf7-f1534-o1\" method=\"post\" class=\"wpcf7-form init\" aria-label=\"Formularz kontaktowy\" enctype=\"multipart\/form-data\" novalidate=\"novalidate\" data-status=\"init\">\n<fieldset class=\"hidden-fields-container\"><input type=\"hidden\" name=\"_wpcf7\" value=\"1534\" \/><input type=\"hidden\" name=\"_wpcf7_version\" value=\"6.1.5\" \/><input type=\"hidden\" name=\"_wpcf7_locale\" value=\"pl_PL\" \/><input type=\"hidden\" name=\"_wpcf7_unit_tag\" value=\"wpcf7-f1534-o1\" \/><input type=\"hidden\" name=\"_wpcf7_container_post\" value=\"0\" \/><input type=\"hidden\" name=\"_wpcf7_posted_data_hash\" value=\"\" \/>\n<\/fieldset>\n<h5>SERIOUSLY! FILL IT OUT AND WORK!\n<\/h5>\n<div class=\"form-field\">\n\t<p><label for=\"file\">Attach CV (file)<\/label><span class=\"wpcf7-form-control-wrap\" data-name=\"file\"><input size=\"40\" class=\"wpcf7-form-control wpcf7-file wpcf7-validates-as-required\" id=\"file\" accept=\".doc,.docx,.pdf\" aria-required=\"true\" aria-invalid=\"false\" type=\"file\" name=\"file\" \/><\/span>\n\t<\/p>\n<\/div>\n<div class=\"form-field\">\n\t<p><label for=\"first-name\">First name<\/label><span class=\"wpcf7-form-control-wrap\" data-name=\"first-name\"><input size=\"40\" maxlength=\"400\" class=\"wpcf7-form-control wpcf7-text wpcf7-validates-as-required\" id=\"first-name\" aria-required=\"true\" aria-invalid=\"false\" placeholder=\"First name\" value=\"\" type=\"text\" name=\"first-name\" \/><\/span>\n\t<\/p>\n<\/div>\n<div class=\"form-field\">\n\t<p><label for=\"last-name\">Last name<\/label><span class=\"wpcf7-form-control-wrap\" data-name=\"last-name\"><input size=\"40\" maxlength=\"400\" class=\"wpcf7-form-control wpcf7-text wpcf7-validates-as-required\" id=\"last-name\" aria-required=\"true\" aria-invalid=\"false\" placeholder=\"Last name\" value=\"\" type=\"text\" name=\"last-name\" \/><\/span>\n\t<\/p>\n<\/div>\n<div class=\"form-field\">\n\t<p><label for=\"job\">I apply for<\/label><span class=\"wpcf7-form-control-wrap\" data-name=\"job\"><select class=\"wpcf7-form-control wpcf7-select wpcf7-validates-as-required\" id=\"job\" aria-required=\"true\" aria-invalid=\"false\" name=\"job\"><option value=\"You can leave it empty\">You can leave it empty<\/option><option value=\"Trainee\">Trainee<\/option><option value=\"Forwarder\">Forwarder<\/option><option value=\"Warehouseman\">Warehouseman<\/option><option value=\"Driver\">Driver<\/option><\/select><\/span>\n\t<\/p>\n<\/div>\n<div class=\"form-field\">\n\t<p><label for=\"approval\">Consent<\/label><span class=\"wpcf7-form-control-wrap\" data-name=\"approval\"><span class=\"wpcf7-form-control wpcf7-acceptance\"><span class=\"wpcf7-list-item\"><label><input type=\"checkbox\" name=\"approval\" value=\"1\" aria-invalid=\"false\" \/><span class=\"wpcf7-list-item-label\">By clicking on the \"Apply\" button or otherwise submitting a recruitment application to Logit Sp. z o.o. with its registered office in Koninie at Sp\u00f3\u0142dzielc\u00f3w 8 Street (Employer, Personal Data Administrator), you agree to the processing by the Employer\/Administrator of your personal data contained in the recruitment application for the purpose of recruitment for the post indicated in the ad.<\/span><\/label><\/span><\/span><\/span>\n\t<\/p>\n<\/div>\n<div class=\"send-btn\">\n\t<p><input class=\"wpcf7-form-control wpcf7-submit has-spinner\" type=\"submit\" value=\"Apply\" \/>\n\t<\/p>\n<\/div><div class=\"wpcf7-response-output\" aria-hidden=\"true\"><\/div>\n<\/form>\n<\/div>\n[\/vc_column][\/vc_row][\/vc_section]<\/p>\n<\/div>","protected":false},"excerpt":{"rendered":"<p>[vc_section el_class=&#8221;career&#8221;][vc_row full_width=&#8221;stretch_row&#8221; css=&#8221;.vc_custom_1562322610540{padding-top: 100px !important;padding-bottom: 100px !important;background-color: #ee3129 !important;}&#8221;][vc_column][vc_column_text css=&#8221;.vc_custom_1563861748223{padding-bottom: 35px !important;}&#8221;] Work with the best Realize challenges and fulfill your passions! Join the Logit team! [\/vc_column_text][vc_column_text el_class=&#8221;job-offers__link&#8221;] Check out our job offers [\/vc_column_text][\/vc_column][\/vc_row][vc_row el_id=&#8221;job-offers&#8221; css=&#8221;.vc_custom_1562411268779{padding-top: 30px !important;}&#8221;][vc_column css=&#8221;.vc_custom_1562331466201{padding-top: 50px !important;padding-bottom: 50px !important;}&#8221;][vc_column_text] We are looking for you! Want to join Logit? Check out [&hellip;]<\/p>\n","protected":false},"author":1,"featured_media":0,"parent":0,"menu_order":0,"comment_status":"closed","ping_status":"closed","template":"","meta":{"_acf_changed":false,"footnotes":""},"class_list":["post-1398","page","type-page","status-publish","hentry"],"acf":[],"yoast_head":"<!-- This site is optimized with the Yoast SEO plugin v27.5 - https:\/\/yoast.com\/product\/yoast-seo-wordpress\/ -->\n<title>Career - Logit<\/title>\n<meta name=\"robots\" content=\"index, follow, max-snippet:-1, max-image-preview:large, max-video-preview:-1\" \/>\n<link rel=\"canonical\" href=\"https:\/\/logit.com.pl\/en\/career\/\" \/>\n<meta property=\"og:locale\" content=\"en_US\" \/>\n<meta property=\"og:type\" content=\"article\" \/>\n<meta property=\"og:title\" content=\"Career - Logit\" \/>\n<meta property=\"og:description\" content=\"[vc_section el_class=&#8221;career&#8221;][vc_row full_width=&#8221;stretch_row&#8221; css=&#8221;.vc_custom_1562322610540{padding-top: 100px !important;padding-bottom: 100px !important;background-color: #ee3129 !important;}&#8221;][vc_column][vc_column_text css=&#8221;.vc_custom_1563861748223{padding-bottom: 35px !important;}&#8221;] Work with the best Realize challenges and fulfill your passions! Join the Logit team! [\/vc_column_text][vc_column_text el_class=&#8221;job-offers__link&#8221;] Check out our job offers [\/vc_column_text][\/vc_column][\/vc_row][vc_row el_id=&#8221;job-offers&#8221; css=&#8221;.vc_custom_1562411268779{padding-top: 30px !important;}&#8221;][vc_column css=&#8221;.vc_custom_1562331466201{padding-top: 50px !important;padding-bottom: 50px !important;}&#8221;][vc_column_text] We are looking for you! Want to join Logit? Check out [&hellip;]\" \/>\n<meta property=\"og:url\" content=\"https:\/\/logit.com.pl\/en\/career\/\" \/>\n<meta property=\"og:site_name\" content=\"Logit\" \/>\n<meta property=\"article:modified_time\" content=\"2019-07-23T06:03:07+00:00\" \/>\n<meta name=\"twitter:card\" content=\"summary_large_image\" \/>\n<meta name=\"twitter:label1\" content=\"Est. reading time\" \/>\n\t<meta name=\"twitter:data1\" content=\"2 minutes\" \/>\n<script type=\"application\/ld+json\" class=\"yoast-schema-graph\">{\"@context\":\"https:\\\/\\\/schema.org\",\"@graph\":[{\"@type\":\"WebPage\",\"@id\":\"https:\\\/\\\/logit.com.pl\\\/en\\\/career\\\/\",\"url\":\"https:\\\/\\\/logit.com.pl\\\/en\\\/career\\\/\",\"name\":\"Career - Logit\",\"isPartOf\":{\"@id\":\"https:\\\/\\\/logit.com.pl\\\/#website\"},\"datePublished\":\"2019-06-27T12:37:49+00:00\",\"dateModified\":\"2019-07-23T06:03:07+00:00\",\"breadcrumb\":{\"@id\":\"https:\\\/\\\/logit.com.pl\\\/en\\\/career\\\/#breadcrumb\"},\"inLanguage\":\"en-US\",\"potentialAction\":[{\"@type\":\"ReadAction\",\"target\":[\"https:\\\/\\\/logit.com.pl\\\/en\\\/career\\\/\"]}]},{\"@type\":\"BreadcrumbList\",\"@id\":\"https:\\\/\\\/logit.com.pl\\\/en\\\/career\\\/#breadcrumb\",\"itemListElement\":[{\"@type\":\"ListItem\",\"position\":1,\"name\":\"Home\",\"item\":\"https:\\\/\\\/logit.com.pl\\\/en\\\/\"},{\"@type\":\"ListItem\",\"position\":2,\"name\":\"Career\"}]},{\"@type\":\"WebSite\",\"@id\":\"https:\\\/\\\/logit.com.pl\\\/#website\",\"url\":\"https:\\\/\\\/logit.com.pl\\\/\",\"name\":\"Logit\",\"description\":\"Your mean to the goal\",\"publisher\":{\"@id\":\"https:\\\/\\\/logit.com.pl\\\/#organization\"},\"potentialAction\":[{\"@type\":\"SearchAction\",\"target\":{\"@type\":\"EntryPoint\",\"urlTemplate\":\"https:\\\/\\\/logit.com.pl\\\/?s={search_term_string}\"},\"query-input\":{\"@type\":\"PropertyValueSpecification\",\"valueRequired\":true,\"valueName\":\"search_term_string\"}}],\"inLanguage\":\"en-US\"},{\"@type\":\"Organization\",\"@id\":\"https:\\\/\\\/logit.com.pl\\\/#organization\",\"name\":\"LOGIT\",\"url\":\"https:\\\/\\\/logit.com.pl\\\/\",\"logo\":{\"@type\":\"ImageObject\",\"inLanguage\":\"en-US\",\"@id\":\"https:\\\/\\\/logit.com.pl\\\/#\\\/schema\\\/logo\\\/image\\\/\",\"url\":\"https:\\\/\\\/logit.com.pl\\\/wp-content\\\/uploads\\\/2019\\\/07\\\/logo-logit-tagline.svg\",\"contentUrl\":\"https:\\\/\\\/logit.com.pl\\\/wp-content\\\/uploads\\\/2019\\\/07\\\/logo-logit-tagline.svg\",\"width\":1,\"height\":1,\"caption\":\"LOGIT\"},\"image\":{\"@id\":\"https:\\\/\\\/logit.com.pl\\\/#\\\/schema\\\/logo\\\/image\\\/\"}}]}<\/script>\n<!-- \/ Yoast SEO plugin. -->","yoast_head_json":{"title":"Career - Logit","robots":{"index":"index","follow":"follow","max-snippet":"max-snippet:-1","max-image-preview":"max-image-preview:large","max-video-preview":"max-video-preview:-1"},"canonical":"https:\/\/logit.com.pl\/en\/career\/","og_locale":"en_US","og_type":"article","og_title":"Career - Logit","og_description":"[vc_section el_class=&#8221;career&#8221;][vc_row full_width=&#8221;stretch_row&#8221; css=&#8221;.vc_custom_1562322610540{padding-top: 100px !important;padding-bottom: 100px !important;background-color: #ee3129 !important;}&#8221;][vc_column][vc_column_text css=&#8221;.vc_custom_1563861748223{padding-bottom: 35px !important;}&#8221;] Work with the best Realize challenges and fulfill your passions! Join the Logit team! [\/vc_column_text][vc_column_text el_class=&#8221;job-offers__link&#8221;] Check out our job offers [\/vc_column_text][\/vc_column][\/vc_row][vc_row el_id=&#8221;job-offers&#8221; css=&#8221;.vc_custom_1562411268779{padding-top: 30px !important;}&#8221;][vc_column css=&#8221;.vc_custom_1562331466201{padding-top: 50px !important;padding-bottom: 50px !important;}&#8221;][vc_column_text] We are looking for you! Want to join Logit? Check out [&hellip;]","og_url":"https:\/\/logit.com.pl\/en\/career\/","og_site_name":"Logit","article_modified_time":"2019-07-23T06:03:07+00:00","twitter_card":"summary_large_image","twitter_misc":{"Est. reading time":"2 minutes"},"schema":{"@context":"https:\/\/schema.org","@graph":[{"@type":"WebPage","@id":"https:\/\/logit.com.pl\/en\/career\/","url":"https:\/\/logit.com.pl\/en\/career\/","name":"Career - Logit","isPartOf":{"@id":"https:\/\/logit.com.pl\/#website"},"datePublished":"2019-06-27T12:37:49+00:00","dateModified":"2019-07-23T06:03:07+00:00","breadcrumb":{"@id":"https:\/\/logit.com.pl\/en\/career\/#breadcrumb"},"inLanguage":"en-US","potentialAction":[{"@type":"ReadAction","target":["https:\/\/logit.com.pl\/en\/career\/"]}]},{"@type":"BreadcrumbList","@id":"https:\/\/logit.com.pl\/en\/career\/#breadcrumb","itemListElement":[{"@type":"ListItem","position":1,"name":"Home","item":"https:\/\/logit.com.pl\/en\/"},{"@type":"ListItem","position":2,"name":"Career"}]},{"@type":"WebSite","@id":"https:\/\/logit.com.pl\/#website","url":"https:\/\/logit.com.pl\/","name":"Logit","description":"Your mean to the goal","publisher":{"@id":"https:\/\/logit.com.pl\/#organization"},"potentialAction":[{"@type":"SearchAction","target":{"@type":"EntryPoint","urlTemplate":"https:\/\/logit.com.pl\/?s={search_term_string}"},"query-input":{"@type":"PropertyValueSpecification","valueRequired":true,"valueName":"search_term_string"}}],"inLanguage":"en-US"},{"@type":"Organization","@id":"https:\/\/logit.com.pl\/#organization","name":"LOGIT","url":"https:\/\/logit.com.pl\/","logo":{"@type":"ImageObject","inLanguage":"en-US","@id":"https:\/\/logit.com.pl\/#\/schema\/logo\/image\/","url":"https:\/\/logit.com.pl\/wp-content\/uploads\/2019\/07\/logo-logit-tagline.svg","contentUrl":"https:\/\/logit.com.pl\/wp-content\/uploads\/2019\/07\/logo-logit-tagline.svg","width":1,"height":1,"caption":"LOGIT"},"image":{"@id":"https:\/\/logit.com.pl\/#\/schema\/logo\/image\/"}}]}},"_links":{"self":[{"href":"https:\/\/logit.com.pl\/en\/wp-json\/wp\/v2\/pages\/1398","targetHints":{"allow":["GET"]}}],"collection":[{"href":"https:\/\/logit.com.pl\/en\/wp-json\/wp\/v2\/pages"}],"about":[{"href":"https:\/\/logit.com.pl\/en\/wp-json\/wp\/v2\/types\/page"}],"author":[{"embeddable":true,"href":"https:\/\/logit.com.pl\/en\/wp-json\/wp\/v2\/users\/1"}],"replies":[{"embeddable":true,"href":"https:\/\/logit.com.pl\/en\/wp-json\/wp\/v2\/comments?post=1398"}],"version-history":[{"count":6,"href":"https:\/\/logit.com.pl\/en\/wp-json\/wp\/v2\/pages\/1398\/revisions"}],"predecessor-version":[{"id":1587,"href":"https:\/\/logit.com.pl\/en\/wp-json\/wp\/v2\/pages\/1398\/revisions\/1587"}],"wp:attachment":[{"href":"https:\/\/logit.com.pl\/en\/wp-json\/wp\/v2\/media?parent=1398"}],"curies":[{"name":"wp","href":"https:\/\/api.w.org\/{rel}","templated":true}]}}