{"id":1394,"date":"2019-06-27T14:38:41","date_gmt":"2019-06-27T12:38:41","guid":{"rendered":"https:\/\/logit.com.pl\/\/kontakt\/"},"modified":"2019-07-15T13:56:27","modified_gmt":"2019-07-15T11:56:27","slug":"contact","status":"publish","type":"page","link":"https:\/\/logit.com.pl\/en\/contact\/","title":{"rendered":"Contact"},"content":{"rendered":"<div class=\"wpb-content-wrapper\"><p>[vc_section full_width=&#8221;stretch_row&#8221; el_class=&#8221;contact-page&#8221; css=&#8221;.vc_custom_1562134210849{padding-top: 100px !important;padding-bottom: 100px !important;background-color: #f9fbfe !important;}&#8221;][vc_row css=&#8221;.vc_custom_1562136678012{padding-bottom: 40px !important;}&#8221;][vc_column][vc_column_text]<\/p>\n<h6 style=\"text-align: center;\">WE STAY IN TOUCH!<\/h6>\n<h2 style=\"text-align: center;\">Logit T.J. Kowalewski i Wsp\u00f3lnicy Sp.J.<\/h2>\n<h6 style=\"text-align: center;\">NIP <strong>665-14-35-713<\/strong>\u00a0 \u00a0REGON <strong>310251937<\/strong><\/h6>\n<p>[\/vc_column_text][\/vc_column][\/vc_row][vc_row gap=&#8221;5&#8243; equal_height=&#8221;yes&#8221; css=&#8221;.vc_custom_1562137750378{padding-top: 40px !important;padding-bottom: 60px !important;}&#8221;][vc_column width=&#8221;1\/4&#8243; css=&#8221;.vc_custom_1562663817426{padding-top: 35px !important;padding-right: 35px !important;padding-bottom: 35px !important;padding-left: 35px !important;background-color: #333132 !important;}&#8221;][vc_column_text]<\/p>\n<h4>Headquarter<\/h4>\n<p>ul. Sp\u00f3\u0142dzielc\u00f3w 8<br \/>\n62-510 Konin<\/p>\n<h5>PHONE<\/h5>\n<p>+48 63 243 74 04<\/p>\n<h5>E-MAIL<\/h5>\n<p><a href=\"mailto:office@logit.com.pl\"><span style=\"color: #ee3129;\">office@logit.com.pl<\/span><\/a>[\/vc_column_text][\/vc_column][vc_column width=&#8221;1\/4&#8243; el_class=&#8221;map-container&#8221;][vc_gmaps link=&#8221;#E-8_JTNDaWZyYW1lJTIwc3JjJTNEJTIyaHR0cHMlM0ElMkYlMkZ3d3cuZ29vZ2xlLmNvbSUyRm1hcHMlMkZlbWJlZCUzRnBiJTNEJTIxMW0xOCUyMTFtMTIlMjExbTMlMjExZDI3MDYuMDMzMjI1NzUwMTM5JTIxMmQxOC4yMzQxMzA4MzkyODUxODIlMjEzZDUyLjIzMTcxOTQ2Mjk1Nzg2JTIxMm0zJTIxMWYwJTIxMmYwJTIxM2YwJTIxM20yJTIxMWkxMDI0JTIxMmk3NjglMjE0ZjEzLjElMjEzbTMlMjExbTIlMjExczB4NDcxYjM0MDc0NWZjYWJlZCUyNTNBMHgyMzM2Mzg3N2ZmMDg0MDQxJTIxMnNMb2dpdCUyQlQuSi4lMkJLb3dhbGV3c2tpJTJCaSUyQldzcCUyNUMzJTI1QjNsbmljeSUyQlNwLiUyQkouJTIxNWUxJTIxM20yJTIxMXNwbCUyMTJzcGwlMjE0djE1NjIxMzU4OTE5MTAlMjE1bTIlMjExc3BsJTIxMnNwbCUyMiUyMHdpZHRoJTNEJTIyNjAwJTIyJTIwaGVpZ2h0JTNEJTIyNDAwJTIyJTIwZnJhbWVib3JkZXIlM0QlMjIwJTIyJTIwc3R5bGUlM0QlMjJib3JkZXIlM0EwJTIyJTIwYWxsb3dmdWxsc2NyZWVuJTNFJTNDJTJGaWZyYW1lJTNF&#8221;][\/vc_column][vc_column width=&#8221;1\/4&#8243; css=&#8221;.vc_custom_1562663822364{padding-top: 35px !important;padding-right: 35px !important;padding-bottom: 35px !important;padding-left: 35px !important;background-color: #333132 !important;}&#8221;][vc_column_text]<\/p>\n<h4>Warehouse<\/h4>\n<p>ul. Skandynawska 7<br \/>\n62-571 Stare Miasto<\/p>\n<h5>PHONE<\/h5>\n<p>+48 63 243 74 05[\/vc_column_text][\/vc_column][vc_column width=&#8221;1\/4&#8243; el_class=&#8221;map-container&#8221;][vc_gmaps link=&#8221;#E-8_JTNDaWZyYW1lJTIwc3JjJTNEJTIyaHR0cHMlM0ElMkYlMkZ3d3cuZ29vZ2xlLmNvbSUyRm1hcHMlMkZlbWJlZCUzRnBiJTNEJTIxMW0xOCUyMTFtMTIlMjExbTMlMjExZDI4OTAuNjUyMjAzMjIyMTE0JTIxMmQxOC4xOTAzNjEzMTU4OTY4NTUlMjEzZDUyLjE1ODgyNjI3MDY4NDU0JTIxMm0zJTIxMWYwJTIxMmYwJTIxM2YwJTIxM20yJTIxMWkxMDI0JTIxMmk3NjglMjE0ZjEzLjElMjEzbTMlMjExbTIlMjExczB4NDcxYjMyMDMxYzAwMTA3MSUyNTNBMHhkNmU4NGM2OTcxZTg4NTc2JTIxMnNTa2FuZHluYXdza2ElMkI3JTI1MkMlMkI2Mi01NzElMkJCYXJjenlnJTI1QzUlMjU4MiUyNUMzJTI1QjN3JTIxNWUxJTIxM20yJTIxMXNwbCUyMTJzcGwlMjE0djE1NjIxMzYxNjA1NTElMjE1bTIlMjExc3BsJTIxMnNwbCUyMiUyMHdpZHRoJTNEJTIyNjAwJTIyJTIwaGVpZ2h0JTNEJTIyNDAwJTIyJTIwZnJhbWVib3JkZXIlM0QlMjIwJTIyJTIwc3R5bGUlM0QlMjJib3JkZXIlM0EwJTIyJTIwYWxsb3dmdWxsc2NyZWVuJTNFJTNDJTJGaWZyYW1lJTNF&#8221;][\/vc_column][\/vc_row][vc_row el_class=&#8221;contact-page__people&#8221;][vc_column width=&#8221;1\/2&#8243; el_class=&#8221;contact-page__person&#8221;][vc_column_text el_class=&#8221;min-height&#8221;]<\/p>\n<h4 style=\"text-align: center;\">Do you have questions about warehousing logistics, customs service or logistic consultancy?<\/h4>\n<p>[\/vc_column_text][vc_single_image image=&#8221;701&#8243; alignment=&#8221;center&#8221; style=&#8221;vc_box_circle_2&#8243;][vc_column_text]<\/p>\n<p style=\"text-align: center;\">My name is Maciej Wo\u0142y\u0144ski<br \/>\nand I will gladly help you.<\/p>\n<h5 style=\"text-align: center;\">CALL ME:<\/h5>\n<p style=\"text-align: center;\"><strong>+48 667 998\u00a0077<\/strong><\/p>\n<h5 style=\"text-align: center;\">E-MAIL:<\/h5>\n<p style=\"text-align: center;\"><span style=\"color: #ee3129;\"><a style=\"color: #ee3129;\" href=\"mailto:maciej.wolynski@logit.com.pl\">maciej.wolynski@logit.com.pl<\/a><\/span><\/p>\n<p>[\/vc_column_text][\/vc_column][vc_column width=&#8221;1\/2&#8243; el_class=&#8221;contact-page__person&#8221;][vc_column_text el_class=&#8221;min-height&#8221;]<\/p>\n<h4 style=\"text-align: center;\">Questions about transportation organisation?<\/h4>\n<p>[\/vc_column_text][vc_single_image image=&#8221;700&#8243; alignment=&#8221;center&#8221; style=&#8221;vc_box_circle_2&#8243;][vc_column_text]<\/p>\n<p style=\"text-align: center;\">My name is Krzysztof D\u0119bowski<br \/>\nand I am at your disposal.<\/p>\n<h5 style=\"text-align: center;\">CALL ME:<\/h5>\n<p style=\"text-align: center;\"><strong>+48 510 824 656<\/strong><\/p>\n<h5 style=\"text-align: center;\">E-MAIL:<\/h5>\n<p style=\"text-align: center;\"><a href=\"mailto:krzysztof.debowski@logit.com.pl\"><span style=\"color: #ee3129;\">\u00a0krzysztof.debowski@logit.com.pl<\/span><\/a><\/p>\n<p>[\/vc_column_text][\/vc_column][\/vc_row][\/vc_section][vc_row el_class=&#8221;contact-page__contact-form&#8221;][vc_column]\n<div class=\"wpcf7 no-js\" id=\"wpcf7-f1532-o1\" lang=\"pl-PL\" dir=\"ltr\" data-wpcf7-id=\"1532\">\n<div class=\"screen-reader-response\"><p role=\"status\" aria-live=\"polite\" aria-atomic=\"true\"><\/p> <ul><\/ul><\/div>\n<form action=\"\/en\/wp-json\/wp\/v2\/pages\/1394#wpcf7-f1532-o1\" method=\"post\" class=\"wpcf7-form init\" aria-label=\"Formularz kontaktowy\" novalidate=\"novalidate\" data-status=\"init\">\n<fieldset class=\"hidden-fields-container\"><input type=\"hidden\" name=\"_wpcf7\" value=\"1532\" \/><input type=\"hidden\" name=\"_wpcf7_version\" value=\"6.1.5\" \/><input type=\"hidden\" name=\"_wpcf7_locale\" value=\"pl_PL\" \/><input type=\"hidden\" name=\"_wpcf7_unit_tag\" value=\"wpcf7-f1532-o1\" \/><input type=\"hidden\" name=\"_wpcf7_container_post\" value=\"0\" \/><input type=\"hidden\" name=\"_wpcf7_posted_data_hash\" value=\"\" \/>\n<\/fieldset>\n<div class=\"form-field\">\n\t<p><label for=\"username\">Full name<\/label><span class=\"wpcf7-form-control-wrap\" data-name=\"username\"><input size=\"40\" maxlength=\"400\" class=\"wpcf7-form-control wpcf7-text wpcf7-validates-as-required\" id=\"username\" aria-required=\"true\" aria-invalid=\"false\" placeholder=\"Full name\" value=\"\" type=\"text\" name=\"username\" \/><\/span>\n\t<\/p>\n<\/div>\n<div class=\"form-field\">\n\t<p><label for=\"email\">Email<\/label><span class=\"wpcf7-form-control-wrap\" data-name=\"email\"><input size=\"40\" maxlength=\"400\" class=\"wpcf7-form-control wpcf7-email wpcf7-validates-as-required wpcf7-text wpcf7-validates-as-email\" id=\"email\" aria-required=\"true\" aria-invalid=\"false\" placeholder=\"Your e-mail address\" value=\"\" type=\"email\" name=\"email\" \/><\/span>\n\t<\/p>\n<\/div>\n<div class=\"form-field\">\n\t<p><label for=\"phone\">Phone<\/label><span class=\"wpcf7-form-control-wrap\" data-name=\"phone\"><input size=\"40\" maxlength=\"400\" class=\"wpcf7-form-control wpcf7-tel wpcf7-validates-as-required wpcf7-text wpcf7-validates-as-tel\" id=\"phone\" aria-required=\"true\" aria-invalid=\"false\" placeholder=\"Your phone number\" value=\"\" type=\"tel\" name=\"phone\" \/><\/span>\n\t<\/p>\n<\/div>\n<div class=\"form-field\">\n\t<p><label for=\"message\">Message<\/label><span class=\"wpcf7-form-control-wrap\" data-name=\"message\"><textarea cols=\"40\" rows=\"10\" maxlength=\"2000\" class=\"wpcf7-form-control wpcf7-textarea wpcf7-validates-as-required\" id=\"message\" aria-required=\"true\" aria-invalid=\"false\" placeholder=\"Your message\" name=\"message\"><\/textarea><\/span>\n\t<\/p>\n<\/div>\n<div class=\"form-field\">\n\t<p><label for=\"approval\">Consent<\/label><span class=\"wpcf7-form-control-wrap\" data-name=\"approval\"><span class=\"wpcf7-form-control wpcf7-acceptance\"><span class=\"wpcf7-list-item\"><label><input type=\"checkbox\" name=\"approval\" value=\"1\" aria-invalid=\"false\" \/><span class=\"wpcf7-list-item-label\">By clicking on the \"Send\" button or otherwise submitting a recruitment application to Logit T.J. Kowalewski i Wsp\u00f3lnicy Sp. J. with its registered office in Koninie at Sp\u00f3\u0142dzielc\u00f3w 8 Street (Employer, Personal Data Administrator), you agree to the processing by the Employer\/Administrator of your personal data contained in the recruitment application for the purpose of recruitment for the post indicated in the ad.<\/span><\/label><\/span><\/span><\/span>\n\t<\/p>\n<\/div>\n<div class=\"send-btn\">\n\t<p><input class=\"wpcf7-form-control wpcf7-submit has-spinner\" type=\"submit\" value=\"Send\" \/>\n\t<\/p>\n<\/div><div class=\"wpcf7-response-output\" aria-hidden=\"true\"><\/div>\n<\/form>\n<\/div>\n[\/vc_column][\/vc_row]<\/p>\n<\/div>","protected":false},"excerpt":{"rendered":"<p>[vc_section full_width=&#8221;stretch_row&#8221; el_class=&#8221;contact-page&#8221; css=&#8221;.vc_custom_1562134210849{padding-top: 100px !important;padding-bottom: 100px !important;background-color: #f9fbfe !important;}&#8221;][vc_row css=&#8221;.vc_custom_1562136678012{padding-bottom: 40px !important;}&#8221;][vc_column][vc_column_text] WE STAY IN TOUCH! Logit T.J. Kowalewski i Wsp\u00f3lnicy Sp.J. NIP 665-14-35-713\u00a0 \u00a0REGON 310251937 [\/vc_column_text][\/vc_column][\/vc_row][vc_row gap=&#8221;5&#8243; equal_height=&#8221;yes&#8221; css=&#8221;.vc_custom_1562137750378{padding-top: 40px !important;padding-bottom: 60px !important;}&#8221;][vc_column width=&#8221;1\/4&#8243; css=&#8221;.vc_custom_1562663817426{padding-top: 35px !important;padding-right: 35px !important;padding-bottom: 35px !important;padding-left: 35px !important;background-color: #333132 !important;}&#8221;][vc_column_text] Headquarter ul. Sp\u00f3\u0142dzielc\u00f3w 8 62-510 Konin PHONE +48 [&hellip;]<\/p>\n","protected":false},"author":1,"featured_media":0,"parent":0,"menu_order":0,"comment_status":"closed","ping_status":"closed","template":"","meta":{"_acf_changed":false,"footnotes":""},"class_list":["post-1394","page","type-page","status-publish","hentry"],"acf":[],"yoast_head":"<!-- This site is optimized with the Yoast SEO plugin v27.4 - https:\/\/yoast.com\/product\/yoast-seo-wordpress\/ -->\n<title>Contact - Logit<\/title>\n<meta name=\"robots\" content=\"index, follow, max-snippet:-1, max-image-preview:large, max-video-preview:-1\" \/>\n<link rel=\"canonical\" href=\"https:\/\/logit.com.pl\/en\/contact\/\" \/>\n<meta property=\"og:locale\" content=\"en_US\" \/>\n<meta property=\"og:type\" content=\"article\" \/>\n<meta property=\"og:title\" content=\"Contact - Logit\" \/>\n<meta property=\"og:description\" content=\"[vc_section full_width=&#8221;stretch_row&#8221; el_class=&#8221;contact-page&#8221; css=&#8221;.vc_custom_1562134210849{padding-top: 100px !important;padding-bottom: 100px !important;background-color: #f9fbfe !important;}&#8221;][vc_row css=&#8221;.vc_custom_1562136678012{padding-bottom: 40px !important;}&#8221;][vc_column][vc_column_text] WE STAY IN TOUCH! Logit T.J. Kowalewski i Wsp\u00f3lnicy Sp.J. NIP 665-14-35-713\u00a0 \u00a0REGON 310251937 [\/vc_column_text][\/vc_column][\/vc_row][vc_row gap=&#8221;5&#8243; equal_height=&#8221;yes&#8221; css=&#8221;.vc_custom_1562137750378{padding-top: 40px !important;padding-bottom: 60px !important;}&#8221;][vc_column width=&#8221;1\/4&#8243; css=&#8221;.vc_custom_1562663817426{padding-top: 35px !important;padding-right: 35px !important;padding-bottom: 35px !important;padding-left: 35px !important;background-color: #333132 !important;}&#8221;][vc_column_text] Headquarter ul. Sp\u00f3\u0142dzielc\u00f3w 8 62-510 Konin PHONE +48 [&hellip;]\" \/>\n<meta property=\"og:url\" content=\"https:\/\/logit.com.pl\/en\/contact\/\" \/>\n<meta property=\"og:site_name\" content=\"Logit\" \/>\n<meta property=\"article:modified_time\" content=\"2019-07-15T11:56:27+00:00\" \/>\n<meta name=\"twitter:card\" content=\"summary_large_image\" \/>\n<meta name=\"twitter:label1\" content=\"Est. reading time\" \/>\n\t<meta name=\"twitter:data1\" content=\"2 minutes\" \/>\n<script type=\"application\/ld+json\" class=\"yoast-schema-graph\">{\"@context\":\"https:\\\/\\\/schema.org\",\"@graph\":[{\"@type\":\"WebPage\",\"@id\":\"https:\\\/\\\/logit.com.pl\\\/en\\\/contact\\\/\",\"url\":\"https:\\\/\\\/logit.com.pl\\\/en\\\/contact\\\/\",\"name\":\"Contact - Logit\",\"isPartOf\":{\"@id\":\"https:\\\/\\\/logit.com.pl\\\/#website\"},\"datePublished\":\"2019-06-27T12:38:41+00:00\",\"dateModified\":\"2019-07-15T11:56:27+00:00\",\"breadcrumb\":{\"@id\":\"https:\\\/\\\/logit.com.pl\\\/en\\\/contact\\\/#breadcrumb\"},\"inLanguage\":\"en-US\",\"potentialAction\":[{\"@type\":\"ReadAction\",\"target\":[\"https:\\\/\\\/logit.com.pl\\\/en\\\/contact\\\/\"]}]},{\"@type\":\"BreadcrumbList\",\"@id\":\"https:\\\/\\\/logit.com.pl\\\/en\\\/contact\\\/#breadcrumb\",\"itemListElement\":[{\"@type\":\"ListItem\",\"position\":1,\"name\":\"Home\",\"item\":\"https:\\\/\\\/logit.com.pl\\\/en\\\/\"},{\"@type\":\"ListItem\",\"position\":2,\"name\":\"Contact\"}]},{\"@type\":\"WebSite\",\"@id\":\"https:\\\/\\\/logit.com.pl\\\/#website\",\"url\":\"https:\\\/\\\/logit.com.pl\\\/\",\"name\":\"Logit\",\"description\":\"Your mean to the goal\",\"publisher\":{\"@id\":\"https:\\\/\\\/logit.com.pl\\\/#organization\"},\"potentialAction\":[{\"@type\":\"SearchAction\",\"target\":{\"@type\":\"EntryPoint\",\"urlTemplate\":\"https:\\\/\\\/logit.com.pl\\\/?s={search_term_string}\"},\"query-input\":{\"@type\":\"PropertyValueSpecification\",\"valueRequired\":true,\"valueName\":\"search_term_string\"}}],\"inLanguage\":\"en-US\"},{\"@type\":\"Organization\",\"@id\":\"https:\\\/\\\/logit.com.pl\\\/#organization\",\"name\":\"LOGIT\",\"url\":\"https:\\\/\\\/logit.com.pl\\\/\",\"logo\":{\"@type\":\"ImageObject\",\"inLanguage\":\"en-US\",\"@id\":\"https:\\\/\\\/logit.com.pl\\\/#\\\/schema\\\/logo\\\/image\\\/\",\"url\":\"https:\\\/\\\/logit.com.pl\\\/wp-content\\\/uploads\\\/2019\\\/07\\\/logo-logit-tagline.svg\",\"contentUrl\":\"https:\\\/\\\/logit.com.pl\\\/wp-content\\\/uploads\\\/2019\\\/07\\\/logo-logit-tagline.svg\",\"width\":1,\"height\":1,\"caption\":\"LOGIT\"},\"image\":{\"@id\":\"https:\\\/\\\/logit.com.pl\\\/#\\\/schema\\\/logo\\\/image\\\/\"}}]}<\/script>\n<!-- \/ Yoast SEO plugin. -->","yoast_head_json":{"title":"Contact - Logit","robots":{"index":"index","follow":"follow","max-snippet":"max-snippet:-1","max-image-preview":"max-image-preview:large","max-video-preview":"max-video-preview:-1"},"canonical":"https:\/\/logit.com.pl\/en\/contact\/","og_locale":"en_US","og_type":"article","og_title":"Contact - Logit","og_description":"[vc_section full_width=&#8221;stretch_row&#8221; el_class=&#8221;contact-page&#8221; css=&#8221;.vc_custom_1562134210849{padding-top: 100px !important;padding-bottom: 100px !important;background-color: #f9fbfe !important;}&#8221;][vc_row css=&#8221;.vc_custom_1562136678012{padding-bottom: 40px !important;}&#8221;][vc_column][vc_column_text] WE STAY IN TOUCH! Logit T.J. Kowalewski i Wsp\u00f3lnicy Sp.J. NIP 665-14-35-713\u00a0 \u00a0REGON 310251937 [\/vc_column_text][\/vc_column][\/vc_row][vc_row gap=&#8221;5&#8243; equal_height=&#8221;yes&#8221; css=&#8221;.vc_custom_1562137750378{padding-top: 40px !important;padding-bottom: 60px !important;}&#8221;][vc_column width=&#8221;1\/4&#8243; css=&#8221;.vc_custom_1562663817426{padding-top: 35px !important;padding-right: 35px !important;padding-bottom: 35px !important;padding-left: 35px !important;background-color: #333132 !important;}&#8221;][vc_column_text] Headquarter ul. Sp\u00f3\u0142dzielc\u00f3w 8 62-510 Konin PHONE +48 [&hellip;]","og_url":"https:\/\/logit.com.pl\/en\/contact\/","og_site_name":"Logit","article_modified_time":"2019-07-15T11:56:27+00:00","twitter_card":"summary_large_image","twitter_misc":{"Est. reading time":"2 minutes"},"schema":{"@context":"https:\/\/schema.org","@graph":[{"@type":"WebPage","@id":"https:\/\/logit.com.pl\/en\/contact\/","url":"https:\/\/logit.com.pl\/en\/contact\/","name":"Contact - Logit","isPartOf":{"@id":"https:\/\/logit.com.pl\/#website"},"datePublished":"2019-06-27T12:38:41+00:00","dateModified":"2019-07-15T11:56:27+00:00","breadcrumb":{"@id":"https:\/\/logit.com.pl\/en\/contact\/#breadcrumb"},"inLanguage":"en-US","potentialAction":[{"@type":"ReadAction","target":["https:\/\/logit.com.pl\/en\/contact\/"]}]},{"@type":"BreadcrumbList","@id":"https:\/\/logit.com.pl\/en\/contact\/#breadcrumb","itemListElement":[{"@type":"ListItem","position":1,"name":"Home","item":"https:\/\/logit.com.pl\/en\/"},{"@type":"ListItem","position":2,"name":"Contact"}]},{"@type":"WebSite","@id":"https:\/\/logit.com.pl\/#website","url":"https:\/\/logit.com.pl\/","name":"Logit","description":"Your mean to the goal","publisher":{"@id":"https:\/\/logit.com.pl\/#organization"},"potentialAction":[{"@type":"SearchAction","target":{"@type":"EntryPoint","urlTemplate":"https:\/\/logit.com.pl\/?s={search_term_string}"},"query-input":{"@type":"PropertyValueSpecification","valueRequired":true,"valueName":"search_term_string"}}],"inLanguage":"en-US"},{"@type":"Organization","@id":"https:\/\/logit.com.pl\/#organization","name":"LOGIT","url":"https:\/\/logit.com.pl\/","logo":{"@type":"ImageObject","inLanguage":"en-US","@id":"https:\/\/logit.com.pl\/#\/schema\/logo\/image\/","url":"https:\/\/logit.com.pl\/wp-content\/uploads\/2019\/07\/logo-logit-tagline.svg","contentUrl":"https:\/\/logit.com.pl\/wp-content\/uploads\/2019\/07\/logo-logit-tagline.svg","width":1,"height":1,"caption":"LOGIT"},"image":{"@id":"https:\/\/logit.com.pl\/#\/schema\/logo\/image\/"}}]}},"_links":{"self":[{"href":"https:\/\/logit.com.pl\/en\/wp-json\/wp\/v2\/pages\/1394","targetHints":{"allow":["GET"]}}],"collection":[{"href":"https:\/\/logit.com.pl\/en\/wp-json\/wp\/v2\/pages"}],"about":[{"href":"https:\/\/logit.com.pl\/en\/wp-json\/wp\/v2\/types\/page"}],"author":[{"embeddable":true,"href":"https:\/\/logit.com.pl\/en\/wp-json\/wp\/v2\/users\/1"}],"replies":[{"embeddable":true,"href":"https:\/\/logit.com.pl\/en\/wp-json\/wp\/v2\/comments?post=1394"}],"version-history":[{"count":5,"href":"https:\/\/logit.com.pl\/en\/wp-json\/wp\/v2\/pages\/1394\/revisions"}],"predecessor-version":[{"id":1533,"href":"https:\/\/logit.com.pl\/en\/wp-json\/wp\/v2\/pages\/1394\/revisions\/1533"}],"wp:attachment":[{"href":"https:\/\/logit.com.pl\/en\/wp-json\/wp\/v2\/media?parent=1394"}],"curies":[{"name":"wp","href":"https:\/\/api.w.org\/{rel}","templated":true}]}}